{"id":48,"date":"2016-11-24T18:10:50","date_gmt":"2016-11-24T18:10:50","guid":{"rendered":"http:\/\/plethorathemes.com\/hotel-xenia\/?page_id=48"},"modified":"2024-10-22T17:50:08","modified_gmt":"2024-10-22T20:50:08","slug":"contact","status":"publish","type":"page","link":"https:\/\/poetrybuilding.com\/br\/contato\/","title":{"rendered":"Contato"},"content":{"rendered":"<div class=\"vc_row wpb_row vc_row-fluid padding_bottom_1-4\"><div class=\"wpb_column vc_column_container vc_col-sm-12\"><div class=\"vc_column-inner\"><div class=\"wpb_wrapper\"><div class=\"wpb_gmaps_widget wpb_content_element\"><div class=\"wpb_wrapper\"><div class=\"wpb_map_wraper\"><iframe src=\"https:\/\/www.google.com\/maps\/embed?pb=!1m14!1m8!1m3!1d13137.69978355034!2d-58.3970879!3d-34.5934145!3m2!1i1024!2i768!4f13.1!3m3!1m2!1s0x0%3A0x36dea73a86c23171!2sPoetry+Building!5e0!3m2!1ses!2sar!4v1505756549268\" width=\"600\" height=\"450\" frameborder=\"0\" style=\"border:0\" allowfullscreen><\/iframe><\/div><\/div><\/div><\/div><\/div><\/div><\/div><div class=\"vc_row wpb_row vc_row-fluid padding_top_none padding_bottom_none\"><div class=\"wpb_column vc_column_container vc_col-sm-8 vc_col-sm-offset-2\"><div class=\"vc_column-inner\"><div class=\"wpb_wrapper\">\n\t<div class=\"wpb_text_column wpb_content_element\" >\n\t\t<div class=\"wpb_wrapper\">\n\t\t\t<h3 style=\"text-align: center;\">NOSSA LOCALIZA\u00c7\u00c3O<\/h3>\n<p style=\"text-align: center;\">O Poetry Building est\u00e1 localizado na Recoleta, o bairro mais elegante da cidade. Estamos cercados por diversas atra\u00e7\u00f5es, restaurantes, \u00e1reas comerciais e muito mais. O resto da cidade \u00e9 facilmente acess\u00edvel a p\u00e9, de t\u00e1xi, \u00f4nibus, metr\u00f4 ou com nosso motorista particular.<\/p>\n\n\t\t<\/div>\n\t<\/div>\n<div class=\"plethora_button wpb_content_element   text-center\">\r\n    <a href=\"https:\/\/maps.app.goo.gl\/Ds1MmYom6eAxuaf68\" class=\"btn-link btn-default\" title=\"\"  target=\"_self\">\r\n\r\n        \r\n        OBTER DIRE\u00c7\u00d5ES\r\n        \r\n\r\n    <\/a>\r\n<\/div><\/div><\/div><\/div><\/div><div class=\"vc_row wpb_row vc_row-fluid padding_top_none\"><div class=\"wpb_column vc_column_container vc_col-sm-4\"><div class=\"vc_column-inner\"><div class=\"wpb_wrapper\"><!-- ========================== TEASER BOX ==========================-->\r\n\r\n<div class=\"teaser_box wpb_content_element  vertical text-center      with_image\">\r\n\r\n  <div class=\"figure with_image\">\r\n\r\n\r\n\r\n        \r\n        \r\n        \r\n         <img src=\"https:\/\/poetrybuilding.com\/wp-content\/uploads\/2016\/11\/users.png\" alt=\"Redes sociais\">   \r\n\r\n        \r\n\r\n\r\n  <\/div>\r\n\r\n\r\n  <div class=\"content\">\r\n    \r\n    <div class=\"hgroup textify_links\"><h4>Redes sociais<\/h4><\/div>\r\n\r\n     <div class=\"desc\"><p>Curta nossa p\u00e1gina no Facebook e nos siga no Instagram para receber atualiza\u00e7\u00f5es sobre eventos, upgrades do nosso belo edif\u00edcio, promo\u00e7\u00f5es e muito mais.<br \/>\n<\/p><\/div> \r\n\r\n  <\/div>\r\n\r\n<\/div>\r\n\r\n<!-- END======================= TEASER BOX ==========================--><\/div><\/div><\/div><div class=\"wpb_column vc_column_container vc_col-sm-4\"><div class=\"vc_column-inner\"><div class=\"wpb_wrapper\"><!-- ========================== TEASER BOX ==========================-->\r\n\r\n<div class=\"teaser_box wpb_content_element  vertical text-center      with_image\">\r\n\r\n  <div class=\"figure with_image\">\r\n\r\n\r\n\r\n        \r\n        \r\n        \r\n         <img src=\"https:\/\/poetrybuilding.com\/wp-content\/uploads\/2016\/11\/phone-call-1.png\" alt=\"TELEFONE\">   \r\n\r\n        \r\n\r\n\r\n  <\/div>\r\n\r\n\r\n  <div class=\"content\">\r\n    \r\n    <div class=\"hgroup textify_links\"><h4>TELEFONE<\/h4><\/div>\r\n\r\n     <div class=\"desc\"><p>Se tiver qualquer d\u00favida, ligue para o nosso n\u00famero na Argentina ou nos EUA.<\/p>\n<p>BA (54 11) 4827-2772 &#8211; USA (415) 651-4085<\/p><\/div> \r\n\r\n  <\/div>\r\n\r\n<\/div>\r\n\r\n<!-- END======================= TEASER BOX ==========================--><\/div><\/div><\/div><div class=\"wpb_column vc_column_container vc_col-sm-4\"><div class=\"vc_column-inner\"><div class=\"wpb_wrapper\"><!-- ========================== TEASER BOX ==========================-->\r\n\r\n<div class=\"teaser_box wpb_content_element  vertical text-center      with_image\">\r\n\r\n  <div class=\"figure with_image\">\r\n\r\n\r\n\r\n        \r\n        \r\n        \r\n         <img src=\"https:\/\/poetrybuilding.com\/wp-content\/uploads\/2016\/11\/mail-1.png\" alt=\"E-mail\">   \r\n\r\n        \r\n\r\n\r\n  <\/div>\r\n\r\n\r\n  <div class=\"content\">\r\n    \r\n    <div class=\"hgroup textify_links\"><h4>E-mail<\/h4><\/div>\r\n\r\n     <div class=\"desc\"><p>If you are on the go and still want to ask a question, simply drop us an e-mail and we\u2019ll get back to you quickly.<\/p>\n<p><a href=\"mailto:reservations@poetrybuilding.com\">reservations@poetrybuilding.com<\/a><\/p>\n<p><\/p><\/div> \r\n\r\n  <\/div>\r\n\r\n<\/div>\r\n\r\n<!-- END======================= TEASER BOX ==========================--><\/div><\/div><\/div><\/div>","protected":false},"excerpt":{"rendered":"OUR LOCATION Poetry Building is located in Recoleta, the most elegant neighborhood of the city. We are surrounded by an exorbitant number of attractions, restaurants, shopping areas, and more. The rest of the city is easily accessible by walking, taxi, bus, subway or our own personal driver. GET DIRECTIONS Social Media Make sure to follow [...]","protected":false},"author":1,"featured_media":3240,"parent":0,"menu_order":28,"comment_status":"closed","ping_status":"closed","template":"","meta":{"om_disable_all_campaigns":false,"_monsterinsights_skip_tracking":false,"_monsterinsights_sitenote_active":false,"_monsterinsights_sitenote_note":"","_monsterinsights_sitenote_category":0,"_uf_show_specific_survey":0,"_uf_disable_surveys":false,"_joinchat":[]},"_links":{"self":[{"href":"https:\/\/poetrybuilding.com\/br\/wp-json\/wp\/v2\/pages\/48"}],"collection":[{"href":"https:\/\/poetrybuilding.com\/br\/wp-json\/wp\/v2\/pages"}],"about":[{"href":"https:\/\/poetrybuilding.com\/br\/wp-json\/wp\/v2\/types\/page"}],"author":[{"embeddable":true,"href":"https:\/\/poetrybuilding.com\/br\/wp-json\/wp\/v2\/users\/1"}],"replies":[{"embeddable":true,"href":"https:\/\/poetrybuilding.com\/br\/wp-json\/wp\/v2\/comments?post=48"}],"version-history":[{"count":14,"href":"https:\/\/poetrybuilding.com\/br\/wp-json\/wp\/v2\/pages\/48\/revisions"}],"predecessor-version":[{"id":5877,"href":"https:\/\/poetrybuilding.com\/br\/wp-json\/wp\/v2\/pages\/48\/revisions\/5877"}],"wp:featuredmedia":[{"embeddable":true,"href":"https:\/\/poetrybuilding.com\/br\/wp-json\/wp\/v2\/media\/3240"}],"wp:attachment":[{"href":"https:\/\/poetrybuilding.com\/br\/wp-json\/wp\/v2\/media?parent=48"}],"curies":[{"name":"wp","href":"https:\/\/api.w.org\/{rel}","templated":true}]}}